{"id":377,"date":"2025-10-02T12:30:08","date_gmt":"2025-10-02T10:30:08","guid":{"rendered":"https:\/\/www.ilangacapital.com\/?page_id=377"},"modified":"2025-10-10T08:24:47","modified_gmt":"2025-10-10T06:24:47","slug":"politica-de-cookies","status":"publish","type":"page","link":"https:\/\/www.ilangacapital.com\/es\/politica-de-cookies\/","title":{"rendered":"Politica de Cookies"},"content":{"rendered":"<h1><b>Pol\u00edtica de Cookies\u00a0<\/b><\/h1>\n<p><span style=\"font-weight: 400;\">El Sitio Web de [EL_SITE] utiliza cookies para el correcto funcionamiento y visualizaci\u00f3n del mismo por parte del usuario, as\u00ed como la recogida de estad\u00edsticas.<\/span><\/p>\n<p><span style=\"font-weight: 400;\">[EL_SITE] es responsable de las cookies y del tratamiento de los datos obtenidos a trav\u00e9s de ellas, ya sean propias o de terceros, decidiendo sobre la finalidad, contenido y uso del tratamiento de la informaci\u00f3n recabada.<\/span><\/p>\n<p><span style=\"font-weight: 400;\">El objeto de esta pol\u00edtica es ofrecerle informaci\u00f3n de manera clara y detallada sobre qu\u00e9 es una cookie, cu\u00e1l es su finalidad, qu\u00e9 tipo de cookies utilizamos y c\u00f3mo configurarlas o, en su caso, deshabilitarlas.<\/span><\/p>\n<h2><b>\u00bfQu\u00e9 son las cookies?<\/b><\/h2>\n<p><span style=\"font-weight: 400;\">Una cookie es un peque\u00f1o archivo de texto que se almacena en su navegador cuando visita una p\u00e1gina web y que guarda informaci\u00f3n sobre la navegaci\u00f3n que realiza para hacer m\u00e1s eficiente la experiencia del usuario. Algunas cookies resultan esenciales para el buen funcionamiento de las p\u00e1ginas web, como es el caso de las cookies t\u00e9cnicas o de personalizaci\u00f3n de la interfaz de usuario, aunque otras, como las cookies de an\u00e1lisis o las de publicidad comportamental, requieren que le informemos y recabemos su consentimiento para su uso.<\/span><\/p>\n<h2><b>Tipolog\u00eda y finalidades de las cookies<\/b><\/h2>\n<p><span style=\"font-weight: 400;\">Las cookies t\u00e9cnicas son aquellas que permiten al usuario la navegaci\u00f3n a trav\u00e9s de una p\u00e1gina web, plataforma o aplicaci\u00f3n y la utilizaci\u00f3n de las diferentes opciones o servicios que en ella existan, incluyendo la gesti\u00f3n y operativa de la p\u00e1gina web y habilitar sus funciones y servicios, como, por ejemplo, identificar la sesi\u00f3n, acceder a partes de acceso restringido, recordar los elementos que integran un pedido, realizar el proceso de compra de un pedido, gestionar el pago, etc. La p\u00e1gina web no puede funcionar adecuadamente sin estas cookies por lo que se consideran necesarias.<\/span><\/p>\n<p><span style=\"font-weight: 400;\">Las cookies de preferencias o personalizaci\u00f3n permiten a la p\u00e1gina web recordar informaci\u00f3n que cambia la forma en que la p\u00e1gina se comporta o el aspecto que tiene de modo que el usuario acceda al servicio con determinadas caracter\u00edsticas que pueden diferenciar su experiencia de la de otros usuarios, como, por ejemplo, el idioma, el n\u00famero de resultados a mostrar cuando el usuario realiza una b\u00fasqueda o la regi\u00f3n en la que el usuario se encuentra. Si es el propio usuario quien elige esas caracter\u00edsticas, por ejemplo, marcando la bandera del idioma, se considera un servicio expresamente solicitado siempre y cuando las cookies obedezcan exclusivamente a la finalidad seleccionada de personalizaci\u00f3n.<\/span><\/p>\n<p><span style=\"font-weight: 400;\">Las cookies de an\u00e1lisis o medici\u00f3n son aquellas que permiten comprender c\u00f3mo interact\u00faan los visitantes con las p\u00e1ginas web y as\u00ed realizar el an\u00e1lisis estad\u00edstico del uso que hacen los usuarios de la web de los servicios prestados. La informaci\u00f3n recogida se utiliza en la medici\u00f3n de la actividad de los sitios web o aplicaci\u00f3n con el fin de introducir mejoras en los productos y servicios ofrecidos por el responsable.<\/span><\/p>\n<p><span style=\"font-weight: 400;\">Las cookies de marketing o publicidad comportamental almacenan informaci\u00f3n del comportamiento de los usuarios obtenida a trav\u00e9s de la observaci\u00f3n continuada de sus h\u00e1bitos de navegaci\u00f3n, lo que permite desarrollar un perfil espec\u00edfico para mostrar anuncios relevantes y atractivos para el usuario individual, y por lo tanto, m\u00e1s valiosos para los terceros anunciantes.<\/span><\/p>\n<h2><b>Cookies utilizadas en la web<\/b><\/h2>\n<p><span style=\"font-weight: 400;\">A continuaci\u00f3n, le ofrecemos informaci\u00f3n sobre las cookies utilizadas en <\/span><a href=\"about:blank\"><span style=\"font-weight: 400;\">https:\/\/www.[EL_SITE].com<\/span><\/a><span style=\"font-weight: 400;\">:<\/span><\/p>\n<table>\n<tbody>\n<tr>\n<td><b>COOKIE<\/b><\/td>\n<td><b>TIPO<\/b><\/td>\n<td><b>FINALIDAD<\/b><\/td>\n<td><b>CONSERVACI\u00d3N<\/b><\/td>\n<td><span style=\"font-weight: 400;\">\u00a0<\/span><\/td>\n<\/tr>\n<tr>\n<td><span style=\"font-weight: 400;\">CookieConsent<\/span><\/td>\n<td><span style=\"font-weight: 400;\">T\u00e9cnica<\/span><\/td>\n<td><span style=\"font-weight: 400;\">Almacena el estado de consentimiento de las cookies<\/span><\/td>\n<td><span style=\"font-weight: 400;\">1 a\u00f1o<\/span><\/td>\n<td><span style=\"font-weight: 400;\">Propia<\/span><\/td>\n<\/tr>\n<tr>\n<td><span style=\"font-weight: 400;\">_ga<\/span><\/td>\n<td><span style=\"font-weight: 400;\">Anal\u00edtica<\/span><\/td>\n<td><span style=\"font-weight: 400;\">Registra un ID \u00fanico para generar datos estad\u00edsticos sobre c\u00f3mo el usuario utiliza el sitio web<\/span><\/td>\n<td><span style=\"font-weight: 400;\">1 a\u00f1o<\/span><\/td>\n<td><span style=\"font-weight: 400;\">Google Analytics<\/span><\/td>\n<\/tr>\n<tr>\n<td><span style=\"font-weight: 400;\">_ga_GQSQ68EYY<\/span><\/td>\n<td><span style=\"font-weight: 400;\">Anal\u00edtica<\/span><\/td>\n<td><span style=\"font-weight: 400;\">Registra un ID \u00fanico para generar datos estad\u00edsticos sobre c\u00f3mo el usuario utiliza el sitio web<\/span><\/td>\n<td><span style=\"font-weight: 400;\">1 a\u00f1o<\/span><\/td>\n<td><span style=\"font-weight: 400;\">Google Analytics<\/span><\/td>\n<\/tr>\n<\/tbody>\n<\/table>\n<h2><b>Transferencias internacionales<\/b><\/h2>\n<p><span style=\"font-weight: 400;\">Este Sitio Web utiliza Google Analytics, un servicio de an\u00e1lisis de web de Google Inc. (en adelante, \u201cGoogle\u201d). Google Analytics utiliza cookies que son archivadas en el ordenador del Usuario y permiten un an\u00e1lisis del uso de la p\u00e1gina web. Las informaciones generadas por esta cookie acerca del uso de este Sitio Web por los usuarios suelen ser transferidas y almacenadas en un servidor de Google en los Estados Unidos. Google ha adoptado cl\u00e1usulas tipo de protecci\u00f3n de datos para la transferencia de datos personales a los encargados del tratamiento establecidos en terceros pa\u00edses. Estas cl\u00e1usulas tipo han sido aprobadas por la Comisi\u00f3n Europea y no pueden ser modificadas por las partes que las utilizan.<\/span><\/p>\n<h2><b>Aceptaci\u00f3n de las cookies y rechazo y revocaci\u00f3n del consentimiento<\/b><\/h2>\n<p><span style=\"font-weight: 400;\">Para las cookies anal\u00edticas necesitamos su consentimiento, que podremos obtener si pulsa el bot\u00f3n \u201cAceptar\u201d en el mensaje de informaci\u00f3n que se muestra al acceder a nuestra p\u00e1gina web.<\/span><\/p>\n<p><span style=\"font-weight: 400;\">Puede rechazar el uso de las cookies en este sitio web y revocar su consentimiento accediendo al panel de configuraci\u00f3n de cookies haciendo clic en el bot\u00f3n \u201cGesti\u00f3n de cookies\u201d que encontrar\u00e1 en el mensaje de informaci\u00f3n que se muestra al acceder a nuestra p\u00e1gina web y tambi\u00e9n a continuaci\u00f3n:<\/span><\/p>\n<h2><span style=\"font-weight: 400;\">\u00a0<\/span><b>Eliminaci\u00f3n de cookies<\/b><\/h2>\n<p><span style=\"font-weight: 400;\">En cualquier caso, puede eliminar, bloquear o deshabilitar las cookies instaladas en su dispositivo a trav\u00e9s del men\u00fa de configuraci\u00f3n de su navegador de internet, pudiendo configurarlo para que bloquee las cookies o le alerte cuando un servidor quiera guardarla. Los siguientes enlaces proporcionan informaci\u00f3n con relaci\u00f3n a c\u00f3mo configurar y\/o deshabilitar la instalaci\u00f3n de cookies para cada uno de los principales navegadores del mercado a fin de que el usuario pueda decidir si acepta o no su uso:<\/span><\/p>\n<ul>\n<li style=\"font-weight: 400;\" aria-level=\"1\"><span style=\"font-weight: 400;\">Microsoft Internet Explorer: men\u00fa Herramientas &gt; Opciones de Internet &gt; Privacidad &gt; Configuraci\u00f3n.<\/span><\/li>\n<li style=\"font-weight: 400;\" aria-level=\"1\"><span style=\"font-weight: 400;\">Firefox: men\u00fa Herramientas &gt; Opciones &gt; Privacidad &gt; Cookies.<\/span><\/li>\n<li style=\"font-weight: 400;\" aria-level=\"1\"><span style=\"font-weight: 400;\">Chrome: men\u00fa Opciones &gt; Opciones avanzadas &gt; Privacidad.<\/span><\/li>\n<li style=\"font-weight: 400;\" aria-level=\"1\"><span style=\"font-weight: 400;\">Safari: men\u00fa Preferencias\/Privacidad.<\/span><\/li>\n<li style=\"font-weight: 400;\" aria-level=\"1\"><span style=\"font-weight: 400;\">Safari para IOS (iPhone y iPad): Opci\u00f3n Ajustes &gt; Safari<\/span><\/li>\n<li style=\"font-weight: 400;\" aria-level=\"1\"><span style=\"font-weight: 400;\">Chrome para Android: Configuraci\u00f3n &gt; Configuraci\u00f3n de sitios web &gt; Cookies<\/span><\/li>\n<\/ul>\n<h2><b>Cambios en la Pol\u00edtica de Cookies<\/b><\/h2>\n<p><span style=\"font-weight: 400;\">Es posible que en un futuro se produzcan actualizaciones de esta Pol\u00edtica de Cookies de nuestro Sitio Web. Por ello le recomendamos revisar esta pol\u00edtica cada vez que acceda a nuestro Sitio Web con el objeto de estar adecuadamente informado sobre c\u00f3mo y para qu\u00e9 utilizamos las cookies.<\/span><\/p>\n<h2><b>Pol\u00edtica de Privacidad<\/b><\/h2>\n<p><span style=\"font-weight: 400;\">Puede leer nuestra Pol\u00edtica de Privacidad para una mayor informaci\u00f3n sobre protecci\u00f3n de datos personales en relaci\u00f3n con los tratamientos que realizamos.<\/span><\/p>\n<p><b>-Mecanismos para obtener el consentimiento y rechazar o\/configurar las cookies.<\/b><\/p>\n<p><span style=\"font-weight: 400;\">Cuando el usuario haga clic en el bot\u00f3n \u201cGesti\u00f3n de Cookies\u201d, bien desde el que se encuentra en el banner informativo en la p\u00e1gina de inicio o bien desde el que se encuentra en el apartado \u201cAceptaci\u00f3n de las cookies y rechazo y revocaci\u00f3n del consentimiento\u201d de la Pol\u00edtica de Cookies, acceder\u00e1 a un panel de configuraci\u00f3n que permita rechazar las cookies no necesarias.<\/span><\/p>\n<p><span style=\"font-weight: 400;\">En el panel de configuraci\u00f3n se incluir\u00e1 informaci\u00f3n sobre todas las cookies, tanto necesarias como las anal\u00edticas que se utilizan. Junto a la informaci\u00f3n de las necesarias aparecer\u00e1 un bot\u00f3n premarcado como activas pero \u00e9l bot\u00f3n de las estad\u00edsticas estar\u00e1 deshabilitado por defecto y ser\u00e1 el usuario el que deba realizar una acci\u00f3n para habilitarlas y guardar sus preferencias. En caso de que no realice ninguna opci\u00f3n y cierre se mantendr\u00e1n las cookies anal\u00edticas deshabilitadas.<\/span><\/p>\n<p><b>-Verificaci\u00f3n de la exclusiva instalaci\u00f3n de las cookies no t\u00e9cnicas con posterioridad a la obtenci\u00f3n del consentimiento del usuario.<\/b><\/p>\n<p><span style=\"font-weight: 400;\">En el momento de emisi\u00f3n de este documento hemos verificado que ninguna de las cookies anal\u00edticas, que precisan el consentimiento de los usuarios para su utilizaci\u00f3n, se encuentra bloqueada hasta el momento de obtener tal consentimiento.<\/span><\/p>\n<p><span style=\"font-weight: 400;\">No obstante, ser\u00eda necesario volver a verificar el bloqueo por defecto de las mismas una vez el desarrollador de la web haya incluido los mecanismos de configuraci\u00f3n de cookies que posibiliten recabar el consentimiento o rechazo de las mismas por parte de los usuarios.<\/span><\/p>\n","protected":false},"excerpt":{"rendered":"<p>Pol\u00edtica de Cookies\u00a0 El Sitio Web de [EL_SITE] utiliza cookies para el correcto funcionamiento y visualizaci\u00f3n del mismo por parte del usuario, as\u00ed como la recogida de estad\u00edsticas. [EL_SITE] es responsable de las cookies y del tratamiento de los datos obtenidos a trav\u00e9s de ellas, ya sean propias o de terceros, decidiendo sobre la finalidad, [&hellip;]<\/p>\n","protected":false},"author":2,"featured_media":0,"parent":0,"menu_order":0,"comment_status":"closed","ping_status":"closed","template":"template-legal.php","meta":{"_acf_changed":false,"_et_pb_use_builder":"off","_et_pb_old_content":"","_et_gb_content_width":"","footnotes":""},"class_list":["post-377","page","type-page","status-publish","hentry"],"acf":[],"yoast_head":"<!-- This site is optimized with the Yoast SEO plugin v27.0 - https:\/\/yoast.com\/product\/yoast-seo-wordpress\/ -->\n<title>Politica de Cookies - iLanga<\/title>\n<meta name=\"robots\" content=\"index, follow, max-snippet:-1, max-image-preview:large, max-video-preview:-1\" \/>\n<link rel=\"canonical\" href=\"https:\/\/www.ilangacapital.com\/es\/politica-de-cookies\/\" \/>\n<meta property=\"og:locale\" content=\"es_ES\" \/>\n<meta property=\"og:type\" content=\"article\" \/>\n<meta property=\"og:title\" content=\"Politica de Cookies - iLanga\" \/>\n<meta property=\"og:description\" content=\"Pol\u00edtica de Cookies\u00a0 El Sitio Web de [EL_SITE] utiliza cookies para el correcto funcionamiento y visualizaci\u00f3n del mismo por parte del usuario, as\u00ed como la recogida de estad\u00edsticas. [EL_SITE] es responsable de las cookies y del tratamiento de los datos obtenidos a trav\u00e9s de ellas, ya sean propias o de terceros, decidiendo sobre la finalidad, [&hellip;]\" \/>\n<meta property=\"og:url\" content=\"https:\/\/www.ilangacapital.com\/es\/politica-de-cookies\/\" \/>\n<meta property=\"og:site_name\" content=\"iLanga\" \/>\n<meta property=\"article:modified_time\" content=\"2025-10-10T06:24:47+00:00\" \/>\n<meta name=\"twitter:card\" content=\"summary_large_image\" \/>\n<meta name=\"twitter:label1\" content=\"Est. reading time\" \/>\n\t<meta name=\"twitter:data1\" content=\"6 minutes\" \/>\n<script type=\"application\/ld+json\" class=\"yoast-schema-graph\">{\"@context\":\"https:\/\/schema.org\",\"@graph\":[{\"@type\":\"WebPage\",\"@id\":\"https:\/\/www.ilangacapital.com\/es\/politica-de-cookies\/\",\"url\":\"https:\/\/www.ilangacapital.com\/es\/politica-de-cookies\/\",\"name\":\"Politica de Cookies - iLanga\",\"isPartOf\":{\"@id\":\"https:\/\/www.ilangacapital.com\/es\/#website\"},\"datePublished\":\"2025-10-02T10:30:08+00:00\",\"dateModified\":\"2025-10-10T06:24:47+00:00\",\"breadcrumb\":{\"@id\":\"https:\/\/www.ilangacapital.com\/es\/politica-de-cookies\/#breadcrumb\"},\"inLanguage\":\"es-ES\",\"potentialAction\":[{\"@type\":\"ReadAction\",\"target\":[\"https:\/\/www.ilangacapital.com\/es\/politica-de-cookies\/\"]}]},{\"@type\":\"BreadcrumbList\",\"@id\":\"https:\/\/www.ilangacapital.com\/es\/politica-de-cookies\/#breadcrumb\",\"itemListElement\":[{\"@type\":\"ListItem\",\"position\":1,\"name\":\"Home\",\"item\":\"https:\/\/www.ilangacapital.com\/es\/\"},{\"@type\":\"ListItem\",\"position\":2,\"name\":\"Politica de Cookies\"}]},{\"@type\":\"WebSite\",\"@id\":\"https:\/\/www.ilangacapital.com\/es\/#website\",\"url\":\"https:\/\/www.ilangacapital.com\/es\/\",\"name\":\"iLanga\",\"description\":\"\",\"publisher\":{\"@id\":\"https:\/\/www.ilangacapital.com\/es\/#organization\"},\"potentialAction\":[{\"@type\":\"SearchAction\",\"target\":{\"@type\":\"EntryPoint\",\"urlTemplate\":\"https:\/\/www.ilangacapital.com\/es\/?s={search_term_string}\"},\"query-input\":{\"@type\":\"PropertyValueSpecification\",\"valueRequired\":true,\"valueName\":\"search_term_string\"}}],\"inLanguage\":\"es-ES\"},{\"@type\":\"Organization\",\"@id\":\"https:\/\/www.ilangacapital.com\/es\/#organization\",\"name\":\"iLanga\",\"url\":\"https:\/\/www.ilangacapital.com\/es\/\",\"logo\":{\"@type\":\"ImageObject\",\"inLanguage\":\"es-ES\",\"@id\":\"https:\/\/www.ilangacapital.com\/es\/#\/schema\/logo\/image\/\",\"url\":\"https:\/\/www.ilangacapital.com\/wp-content\/uploads\/2025\/09\/cropped-Group-2.png\",\"contentUrl\":\"https:\/\/www.ilangacapital.com\/wp-content\/uploads\/2025\/09\/cropped-Group-2.png\",\"width\":512,\"height\":512,\"caption\":\"iLanga\"},\"image\":{\"@id\":\"https:\/\/www.ilangacapital.com\/es\/#\/schema\/logo\/image\/\"}}]}<\/script>\n<!-- \/ Yoast SEO plugin. -->","yoast_head_json":{"title":"Politica de Cookies - iLanga","robots":{"index":"index","follow":"follow","max-snippet":"max-snippet:-1","max-image-preview":"max-image-preview:large","max-video-preview":"max-video-preview:-1"},"canonical":"https:\/\/www.ilangacapital.com\/es\/politica-de-cookies\/","og_locale":"es_ES","og_type":"article","og_title":"Politica de Cookies - iLanga","og_description":"Pol\u00edtica de Cookies\u00a0 El Sitio Web de [EL_SITE] utiliza cookies para el correcto funcionamiento y visualizaci\u00f3n del mismo por parte del usuario, as\u00ed como la recogida de estad\u00edsticas. [EL_SITE] es responsable de las cookies y del tratamiento de los datos obtenidos a trav\u00e9s de ellas, ya sean propias o de terceros, decidiendo sobre la finalidad, [&hellip;]","og_url":"https:\/\/www.ilangacapital.com\/es\/politica-de-cookies\/","og_site_name":"iLanga","article_modified_time":"2025-10-10T06:24:47+00:00","twitter_card":"summary_large_image","twitter_misc":{"Est. reading time":"6 minutes"},"schema":{"@context":"https:\/\/schema.org","@graph":[{"@type":"WebPage","@id":"https:\/\/www.ilangacapital.com\/es\/politica-de-cookies\/","url":"https:\/\/www.ilangacapital.com\/es\/politica-de-cookies\/","name":"Politica de Cookies - iLanga","isPartOf":{"@id":"https:\/\/www.ilangacapital.com\/es\/#website"},"datePublished":"2025-10-02T10:30:08+00:00","dateModified":"2025-10-10T06:24:47+00:00","breadcrumb":{"@id":"https:\/\/www.ilangacapital.com\/es\/politica-de-cookies\/#breadcrumb"},"inLanguage":"es-ES","potentialAction":[{"@type":"ReadAction","target":["https:\/\/www.ilangacapital.com\/es\/politica-de-cookies\/"]}]},{"@type":"BreadcrumbList","@id":"https:\/\/www.ilangacapital.com\/es\/politica-de-cookies\/#breadcrumb","itemListElement":[{"@type":"ListItem","position":1,"name":"Home","item":"https:\/\/www.ilangacapital.com\/es\/"},{"@type":"ListItem","position":2,"name":"Politica de Cookies"}]},{"@type":"WebSite","@id":"https:\/\/www.ilangacapital.com\/es\/#website","url":"https:\/\/www.ilangacapital.com\/es\/","name":"iLanga","description":"","publisher":{"@id":"https:\/\/www.ilangacapital.com\/es\/#organization"},"potentialAction":[{"@type":"SearchAction","target":{"@type":"EntryPoint","urlTemplate":"https:\/\/www.ilangacapital.com\/es\/?s={search_term_string}"},"query-input":{"@type":"PropertyValueSpecification","valueRequired":true,"valueName":"search_term_string"}}],"inLanguage":"es-ES"},{"@type":"Organization","@id":"https:\/\/www.ilangacapital.com\/es\/#organization","name":"iLanga","url":"https:\/\/www.ilangacapital.com\/es\/","logo":{"@type":"ImageObject","inLanguage":"es-ES","@id":"https:\/\/www.ilangacapital.com\/es\/#\/schema\/logo\/image\/","url":"https:\/\/www.ilangacapital.com\/wp-content\/uploads\/2025\/09\/cropped-Group-2.png","contentUrl":"https:\/\/www.ilangacapital.com\/wp-content\/uploads\/2025\/09\/cropped-Group-2.png","width":512,"height":512,"caption":"iLanga"},"image":{"@id":"https:\/\/www.ilangacapital.com\/es\/#\/schema\/logo\/image\/"}}]}},"_links":{"self":[{"href":"https:\/\/www.ilangacapital.com\/es\/wp-json\/wp\/v2\/pages\/377","targetHints":{"allow":["GET"]}}],"collection":[{"href":"https:\/\/www.ilangacapital.com\/es\/wp-json\/wp\/v2\/pages"}],"about":[{"href":"https:\/\/www.ilangacapital.com\/es\/wp-json\/wp\/v2\/types\/page"}],"author":[{"embeddable":true,"href":"https:\/\/www.ilangacapital.com\/es\/wp-json\/wp\/v2\/users\/2"}],"replies":[{"embeddable":true,"href":"https:\/\/www.ilangacapital.com\/es\/wp-json\/wp\/v2\/comments?post=377"}],"version-history":[{"count":17,"href":"https:\/\/www.ilangacapital.com\/es\/wp-json\/wp\/v2\/pages\/377\/revisions"}],"predecessor-version":[{"id":707,"href":"https:\/\/www.ilangacapital.com\/es\/wp-json\/wp\/v2\/pages\/377\/revisions\/707"}],"wp:attachment":[{"href":"https:\/\/www.ilangacapital.com\/es\/wp-json\/wp\/v2\/media?parent=377"}],"curies":[{"name":"wp","href":"https:\/\/api.w.org\/{rel}","templated":true}]}}