{"id":379,"date":"2025-10-02T12:30:28","date_gmt":"2025-10-02T10:30:28","guid":{"rendered":"https:\/\/www.ilangacapital.com\/?page_id=379"},"modified":"2025-10-10T08:07:25","modified_gmt":"2025-10-10T06:07:25","slug":"aviso-legal","status":"publish","type":"page","link":"https:\/\/www.ilangacapital.com\/es\/aviso-legal\/","title":{"rendered":"Aviso Legal"},"content":{"rendered":"<h1><b>Aviso legal<\/b><\/h1>\n<p><span style=\"font-weight: 400;\">Este documento est\u00e1 integrado por el Aviso Legal y las Condiciones de Uso que regulan el acceso, navegaci\u00f3n y uso del dominio de internet (en adelante, el \u201cSitio Web\u201d) propiedad de la entidad [EL_SITE].<\/span><\/p>\n<p><span style=\"font-weight: 400;\">\u00a0<\/span><span style=\"font-weight: 400;\">Datos de la entidad:<\/span><\/p>\n<p><span style=\"font-weight: 400;\">Ilanga Sarl &#8211; 17, Boulevard F.W. Raiffeisen, L-2411 Luxembourg\u00a0 \/\/ number B224786<\/span><\/p>\n<p><span style=\"font-weight: 400;\">Maria Andres Riber \u2013 ma@ilangacapital.com<\/span><\/p>\n<p><b>Objeto y \u00e1mbito de aplicaci\u00f3n<\/b><\/p>\n<p><span style=\"font-weight: 400;\">\u00a0<\/span><span style=\"font-weight: 400;\">Las presentes condiciones generales rigen \u00fanica y exclusivamente el uso de los contenidos ofrecidos por [EL_SITE] a trav\u00e9s de su Sitio Web por parte de los usuarios que accedan al mismo.<\/span><\/p>\n<p><b>PRIMERA.- CONDICIONES DE ACCESO Y USO<\/b><\/p>\n<p><span style=\"font-weight: 400;\">El acceso y navegaci\u00f3n en este Sitio Web atribuye a quien lo realiza la condici\u00f3n de usuario (en adelante, el \u201cUsuario\u201d) e implica la aceptaci\u00f3n de las Condiciones de Uso incluidas en este Aviso Legal.<\/span><span style=\"font-weight: 400;\"><br \/>\n<\/span><\/p>\n<p><span style=\"font-weight: 400;\">El Usuario se compromete a hacer un uso adecuado de los contenidos que [EL_SITE] ofrece a trav\u00e9s de su Sitio Web y a no utilizar la informaci\u00f3n ofrecida para la realizaci\u00f3n de actividades contrarias a la Ley, as\u00ed como a utilizarlos de conformidad con las presentes Condiciones de uso.<\/span><\/p>\n<p><b>SEGUNDA.- CONTENIDOS<\/b><\/p>\n<p><span style=\"font-weight: 400;\">2.1.- [EL_SITE] realiza los m\u00e1ximos esfuerzos para que los contenidos del Sitio Web sean veraces y est\u00e9n razonablemente actualizados. Sin perjuicio de lo anterior, la informaci\u00f3n, opiniones, recomendaciones y en general el contenido del Sitio Web se proporciona exclusivamente a t\u00edtulo informativo, por lo que [EL_SITE] no garantiza ni asegura que su contenido sea exacto, completo o fiable y no se responsabiliza de las consecuencias que pudieran derivarse de los errores en los contenidos que pudieran aparecer en este Sitio Web.<\/span><\/p>\n<p><span style=\"font-weight: 400;\">2.2.- [EL_SITE] se reserva el derecho a modificar, en cualquier momento y sin previo aviso, la presentaci\u00f3n, configuraci\u00f3n y los contenidos existentes en su Sitio Web y de los servicios o sus v\u00ednculos, as\u00ed como tambi\u00e9n las condiciones requeridas para su acceso y\/o utilizaci\u00f3n. El acceso y utilizaci\u00f3n de los contenidos y servicios tras la entrada en vigor de las modificaciones o los cambios en las condiciones suponen la aceptaci\u00f3n de las mismas.<\/span><\/p>\n<p><span style=\"font-weight: 400;\">2.3.- [EL_SITE] no asegura ni se responsabiliza del correcto funcionamiento de los enlaces a sitios web de terceros que figuren en el Sitio Web. Estos enlaces no representan ning\u00fan tipo de relaci\u00f3n entre [EL_SITE] y las empresas o particulares titulares de los sitios webs a los que puede accederse mediante esos enlaces. [EL_SITE] se reserva el derecho a retirar en cualquier momento y sin previo aviso los enlaces que pudieran aparecer en su Sitio Web.<\/span><\/p>\n<p><span style=\"font-weight: 400;\">[EL_SITE] no asume ninguna responsabilidad por el contenido de los sitios de terceros a los que se haya generado un enlace desde el Sitio web. El Usuario reconoce que accede a tales sitios y contenidos de terceros bajo su propio riesgo, siendo enteramente responsable del uso que haga de los mismos.<\/span><\/p>\n<p><span style=\"font-weight: 400;\">Cualquier usuario que pretenda crear un enlace a trav\u00e9s de hiperv\u00ednculo o cualquier otro tipo de conexi\u00f3n desde otra p\u00e1gina al Sitio Web deber\u00e1 obtener la autorizaci\u00f3n previa y por escrito de [EL_SITE] quien se reserva el derecho a retirar cualquier permiso de enlace sin previo aviso.<\/span><\/p>\n<p><span style=\"font-weight: 400;\">2.4.- Si el Usuario tuviera conocimiento de la existencia de alg\u00fan contenido il\u00edcito, ilegal, contrario a las leyes o que pudiera suponer una infracci\u00f3n de derecho de propiedad intelectual y\/o industrial, deber\u00e1 notificarlos inmediatamente a [EL_SITE] para que esta pueda adoptar las medidas oportunas.<\/span><\/p>\n<p><b>TERCERA.- NAVEGACI\u00d3N, ACCESO Y SEGURIDAD<\/b><\/p>\n<p><span style=\"font-weight: 400;\">El acceso y navegaci\u00f3n por el Sitio Web implica la aceptaci\u00f3n y conocimiento de las advertencias legales, condiciones y t\u00e9rminos de uso contenidas en el mismo.Para acceder y navegar en el Sitio web, el Usuario no tendr\u00e1 la obligaci\u00f3n de registrarse.<\/span><span style=\"font-weight: 400;\"><br \/>\n<\/span><\/p>\n<p><span style=\"font-weight: 400;\">Sin embargo, para acceder a determinados servicios o contenidos en el Sitio Web, el Usuario deber\u00e1 registrarse y facilitar los datos personales necesarios, establecidos en el formulario correspondiente. El acceso a los servicios que incluyen la captura de datos personales se realiza en un entorno seguro utilizando el protocolo SSL.<\/span><\/p>\n<p><span style=\"font-weight: 400;\">Los datos proporcionados por el Usuario a [EL_SITE] a trav\u00e9s de e-mail o del formulario recogido en el Sitio Web, ser\u00e1n tratados conforme a lo descrito en la \u00abPol\u00edtica de Privacidad\u00bb de este Sitio Web y siempre respetando la legislaci\u00f3n vigente en cada momento en materia de protecci\u00f3n de datos de car\u00e1cter personal.<\/span><\/p>\n<p><span style=\"font-weight: 400;\">[EL_SITE] realiza los m\u00e1ximos esfuerzos para que la navegaci\u00f3n se realice en las mejores condiciones y evitar los perjuicios de cualquier tipo que pudiesen ocasionarse durante la misma.<\/span><\/p>\n<p><span style=\"font-weight: 400;\">[EL_SITE] no ser\u00e1 responsable por los da\u00f1os y\/o perjuicios que se puedan ocasionar como consecuencia de la indisponibilidad o falta de continuidad o acceso a los contenidos o servicios del Sitio Web, bien sea por razones t\u00e9cnicas o de cualquier otra naturaleza.<\/span><\/p>\n<p><span style=\"font-weight: 400;\">\u00a0[EL_SITE] tampoco ser\u00e1 responsable de los fallos en el funcionamiento de su Sitio Web, errores, omisiones, retrasos en las transmisiones de los datos o l\u00edneas de conexi\u00f3n y dem\u00e1s incidencias que puedan surgir. En el mismo sentido, [EL_SITE] no garantiza que no puedan existir virus inform\u00e1ticos dentro de su sistema inform\u00e1tico y no ser\u00e1 por ello responsable de los eventuales da\u00f1os que dichos virus inform\u00e1ticos pudieran ocasionar a los equipos, datos y\/o programas inform\u00e1ticos de los usuarios.\u00a0<\/span><\/p>\n<p><span style=\"font-weight: 400;\">[EL_SITE] no se hace responsable de los da\u00f1os que pudiesen ocasionarse a los usuarios por un uso inadecuado de este Sitio Web. En particular, no se hace responsable en modo alguno de las ca\u00eddas, interrupciones, falta o defecto de las telecomunicaciones que pudieran ocurrir.<\/span><\/p>\n<p><b>CUARTA.- DERECHOS DE PROPIEDAD INTELECTUAL E INDUSTRIAL<\/b><\/p>\n<p><span style=\"font-weight: 400;\">Los signos distintivos, las referencias a marcas o nombres comerciales registrados, el c\u00f3digo fuente, los dise\u00f1os gr\u00e1ficos, los iconos, las im\u00e1genes, las ilustraciones, las fotograf\u00edas, los sonidos, las animaciones, el software, los logos, los textos, as\u00ed como la informaci\u00f3n y los contenidos que se recogen en el Sitio Web, ya sean de [EL_SITE] o de terceros, se encuentran plenamente protegidos por la legislaci\u00f3n espa\u00f1ola sobre los derechos de propiedad intelectual e industrial, quedando expresamente prohibida toda reproducci\u00f3n, comunicaci\u00f3n, distribuci\u00f3n y transformaci\u00f3n, salvo previo consentimiento expreso y por escrito de [EL_SITE]<\/span><\/p>\n<p><span style=\"font-weight: 400;\">El acceso y uso del Sitio Web no supone en ning\u00fan caso la cesi\u00f3n de tales derechos. El Usuario, \u00fanica y exclusivamente, puede utilizar el material que aparezca en este Sitio Web para uso personal quedando prohibido el uso con fines comerciales o para incurrir en actividades il\u00edcitas.<\/span><\/p>\n<p><span style=\"font-weight: 400;\">En caso de que cualquier Usuario o tercero considere que cualquiera de los contenidos existentes en la Sitio Web implique una infracci\u00f3n de los derechos de protecci\u00f3n de la propiedad intelectual o sea en cualquier modo il\u00edcito, lesivo para derechos o intereses de terceros o contrario al orden p\u00fablico o a las buenas costumbres, podr\u00e1 comunicarlo a [EL_SITE] a trav\u00e9s de la direcci\u00f3n indicada en este Aviso Legal.<\/span><\/p>\n<p><b>QUINTA.- JURISDICCI\u00d3N Y LEY APLICABLE<\/b><\/p>\n<p><span style=\"font-weight: 400;\">El Sitio Web de [EL_SITE] y su contenido, as\u00ed como las relaciones establecidas entre esta entidad y el Usuario, se rige en todos y cada uno de sus extremos por la ley espa\u00f1ola, siendo competentes para la resoluci\u00f3n de cualquier conflicto derivado o relacionado con el uso del Sitio Web, los Juzgados y Tribunales de Madrid capital, con renuncia expresa a cualquier otro fuero que pudiera corresponderle.<\/span><\/p>\n","protected":false},"excerpt":{"rendered":"<p>Aviso legal Este documento est\u00e1 integrado por el Aviso Legal y las Condiciones de Uso que regulan el acceso, navegaci\u00f3n y uso del dominio de internet (en adelante, el \u201cSitio Web\u201d) propiedad de la entidad [EL_SITE]. \u00a0Datos de la entidad: Ilanga Sarl &#8211; 17, Boulevard F.W. Raiffeisen, L-2411 Luxembourg\u00a0 \/\/ number B224786 Maria Andres Riber [&hellip;]<\/p>\n","protected":false},"author":2,"featured_media":0,"parent":0,"menu_order":0,"comment_status":"closed","ping_status":"closed","template":"template-legal.php","meta":{"_acf_changed":false,"_et_pb_use_builder":"off","_et_pb_old_content":"","_et_gb_content_width":"","footnotes":""},"class_list":["post-379","page","type-page","status-publish","hentry"],"acf":[],"yoast_head":"<!-- This site is optimized with the Yoast SEO plugin v27.0 - https:\/\/yoast.com\/product\/yoast-seo-wordpress\/ -->\n<title>Aviso Legal - iLanga<\/title>\n<meta name=\"robots\" content=\"index, follow, max-snippet:-1, max-image-preview:large, max-video-preview:-1\" \/>\n<link rel=\"canonical\" href=\"https:\/\/www.ilangacapital.com\/es\/aviso-legal\/\" \/>\n<meta property=\"og:locale\" content=\"es_ES\" \/>\n<meta property=\"og:type\" content=\"article\" \/>\n<meta property=\"og:title\" content=\"Aviso Legal - iLanga\" \/>\n<meta property=\"og:description\" content=\"Aviso legal Este documento est\u00e1 integrado por el Aviso Legal y las Condiciones de Uso que regulan el acceso, navegaci\u00f3n y uso del dominio de internet (en adelante, el \u201cSitio Web\u201d) propiedad de la entidad [EL_SITE]. \u00a0Datos de la entidad: Ilanga Sarl &#8211; 17, Boulevard F.W. Raiffeisen, L-2411 Luxembourg\u00a0 \/\/ number B224786 Maria Andres Riber [&hellip;]\" \/>\n<meta property=\"og:url\" content=\"https:\/\/www.ilangacapital.com\/es\/aviso-legal\/\" \/>\n<meta property=\"og:site_name\" content=\"iLanga\" \/>\n<meta property=\"article:modified_time\" content=\"2025-10-10T06:07:25+00:00\" \/>\n<meta name=\"twitter:card\" content=\"summary_large_image\" \/>\n<meta name=\"twitter:label1\" content=\"Est. reading time\" \/>\n\t<meta name=\"twitter:data1\" content=\"6 minutes\" \/>\n<script type=\"application\/ld+json\" class=\"yoast-schema-graph\">{\"@context\":\"https:\/\/schema.org\",\"@graph\":[{\"@type\":\"WebPage\",\"@id\":\"https:\/\/www.ilangacapital.com\/es\/aviso-legal\/\",\"url\":\"https:\/\/www.ilangacapital.com\/es\/aviso-legal\/\",\"name\":\"Aviso Legal - iLanga\",\"isPartOf\":{\"@id\":\"https:\/\/www.ilangacapital.com\/es\/#website\"},\"datePublished\":\"2025-10-02T10:30:28+00:00\",\"dateModified\":\"2025-10-10T06:07:25+00:00\",\"breadcrumb\":{\"@id\":\"https:\/\/www.ilangacapital.com\/es\/aviso-legal\/#breadcrumb\"},\"inLanguage\":\"es-ES\",\"potentialAction\":[{\"@type\":\"ReadAction\",\"target\":[\"https:\/\/www.ilangacapital.com\/es\/aviso-legal\/\"]}]},{\"@type\":\"BreadcrumbList\",\"@id\":\"https:\/\/www.ilangacapital.com\/es\/aviso-legal\/#breadcrumb\",\"itemListElement\":[{\"@type\":\"ListItem\",\"position\":1,\"name\":\"Home\",\"item\":\"https:\/\/www.ilangacapital.com\/es\/\"},{\"@type\":\"ListItem\",\"position\":2,\"name\":\"Aviso Legal\"}]},{\"@type\":\"WebSite\",\"@id\":\"https:\/\/www.ilangacapital.com\/es\/#website\",\"url\":\"https:\/\/www.ilangacapital.com\/es\/\",\"name\":\"iLanga\",\"description\":\"\",\"publisher\":{\"@id\":\"https:\/\/www.ilangacapital.com\/es\/#organization\"},\"potentialAction\":[{\"@type\":\"SearchAction\",\"target\":{\"@type\":\"EntryPoint\",\"urlTemplate\":\"https:\/\/www.ilangacapital.com\/es\/?s={search_term_string}\"},\"query-input\":{\"@type\":\"PropertyValueSpecification\",\"valueRequired\":true,\"valueName\":\"search_term_string\"}}],\"inLanguage\":\"es-ES\"},{\"@type\":\"Organization\",\"@id\":\"https:\/\/www.ilangacapital.com\/es\/#organization\",\"name\":\"iLanga\",\"url\":\"https:\/\/www.ilangacapital.com\/es\/\",\"logo\":{\"@type\":\"ImageObject\",\"inLanguage\":\"es-ES\",\"@id\":\"https:\/\/www.ilangacapital.com\/es\/#\/schema\/logo\/image\/\",\"url\":\"https:\/\/www.ilangacapital.com\/wp-content\/uploads\/2025\/09\/cropped-Group-2.png\",\"contentUrl\":\"https:\/\/www.ilangacapital.com\/wp-content\/uploads\/2025\/09\/cropped-Group-2.png\",\"width\":512,\"height\":512,\"caption\":\"iLanga\"},\"image\":{\"@id\":\"https:\/\/www.ilangacapital.com\/es\/#\/schema\/logo\/image\/\"}}]}<\/script>\n<!-- \/ Yoast SEO plugin. -->","yoast_head_json":{"title":"Aviso Legal - iLanga","robots":{"index":"index","follow":"follow","max-snippet":"max-snippet:-1","max-image-preview":"max-image-preview:large","max-video-preview":"max-video-preview:-1"},"canonical":"https:\/\/www.ilangacapital.com\/es\/aviso-legal\/","og_locale":"es_ES","og_type":"article","og_title":"Aviso Legal - iLanga","og_description":"Aviso legal Este documento est\u00e1 integrado por el Aviso Legal y las Condiciones de Uso que regulan el acceso, navegaci\u00f3n y uso del dominio de internet (en adelante, el \u201cSitio Web\u201d) propiedad de la entidad [EL_SITE]. \u00a0Datos de la entidad: Ilanga Sarl &#8211; 17, Boulevard F.W. Raiffeisen, L-2411 Luxembourg\u00a0 \/\/ number B224786 Maria Andres Riber [&hellip;]","og_url":"https:\/\/www.ilangacapital.com\/es\/aviso-legal\/","og_site_name":"iLanga","article_modified_time":"2025-10-10T06:07:25+00:00","twitter_card":"summary_large_image","twitter_misc":{"Est. reading time":"6 minutes"},"schema":{"@context":"https:\/\/schema.org","@graph":[{"@type":"WebPage","@id":"https:\/\/www.ilangacapital.com\/es\/aviso-legal\/","url":"https:\/\/www.ilangacapital.com\/es\/aviso-legal\/","name":"Aviso Legal - iLanga","isPartOf":{"@id":"https:\/\/www.ilangacapital.com\/es\/#website"},"datePublished":"2025-10-02T10:30:28+00:00","dateModified":"2025-10-10T06:07:25+00:00","breadcrumb":{"@id":"https:\/\/www.ilangacapital.com\/es\/aviso-legal\/#breadcrumb"},"inLanguage":"es-ES","potentialAction":[{"@type":"ReadAction","target":["https:\/\/www.ilangacapital.com\/es\/aviso-legal\/"]}]},{"@type":"BreadcrumbList","@id":"https:\/\/www.ilangacapital.com\/es\/aviso-legal\/#breadcrumb","itemListElement":[{"@type":"ListItem","position":1,"name":"Home","item":"https:\/\/www.ilangacapital.com\/es\/"},{"@type":"ListItem","position":2,"name":"Aviso Legal"}]},{"@type":"WebSite","@id":"https:\/\/www.ilangacapital.com\/es\/#website","url":"https:\/\/www.ilangacapital.com\/es\/","name":"iLanga","description":"","publisher":{"@id":"https:\/\/www.ilangacapital.com\/es\/#organization"},"potentialAction":[{"@type":"SearchAction","target":{"@type":"EntryPoint","urlTemplate":"https:\/\/www.ilangacapital.com\/es\/?s={search_term_string}"},"query-input":{"@type":"PropertyValueSpecification","valueRequired":true,"valueName":"search_term_string"}}],"inLanguage":"es-ES"},{"@type":"Organization","@id":"https:\/\/www.ilangacapital.com\/es\/#organization","name":"iLanga","url":"https:\/\/www.ilangacapital.com\/es\/","logo":{"@type":"ImageObject","inLanguage":"es-ES","@id":"https:\/\/www.ilangacapital.com\/es\/#\/schema\/logo\/image\/","url":"https:\/\/www.ilangacapital.com\/wp-content\/uploads\/2025\/09\/cropped-Group-2.png","contentUrl":"https:\/\/www.ilangacapital.com\/wp-content\/uploads\/2025\/09\/cropped-Group-2.png","width":512,"height":512,"caption":"iLanga"},"image":{"@id":"https:\/\/www.ilangacapital.com\/es\/#\/schema\/logo\/image\/"}}]}},"_links":{"self":[{"href":"https:\/\/www.ilangacapital.com\/es\/wp-json\/wp\/v2\/pages\/379","targetHints":{"allow":["GET"]}}],"collection":[{"href":"https:\/\/www.ilangacapital.com\/es\/wp-json\/wp\/v2\/pages"}],"about":[{"href":"https:\/\/www.ilangacapital.com\/es\/wp-json\/wp\/v2\/types\/page"}],"author":[{"embeddable":true,"href":"https:\/\/www.ilangacapital.com\/es\/wp-json\/wp\/v2\/users\/2"}],"replies":[{"embeddable":true,"href":"https:\/\/www.ilangacapital.com\/es\/wp-json\/wp\/v2\/comments?post=379"}],"version-history":[{"count":5,"href":"https:\/\/www.ilangacapital.com\/es\/wp-json\/wp\/v2\/pages\/379\/revisions"}],"predecessor-version":[{"id":548,"href":"https:\/\/www.ilangacapital.com\/es\/wp-json\/wp\/v2\/pages\/379\/revisions\/548"}],"wp:attachment":[{"href":"https:\/\/www.ilangacapital.com\/es\/wp-json\/wp\/v2\/media?parent=379"}],"curies":[{"name":"wp","href":"https:\/\/api.w.org\/{rel}","templated":true}]}}