{"id":381,"date":"2025-10-02T12:30:39","date_gmt":"2025-10-02T10:30:39","guid":{"rendered":"https:\/\/www.ilangacapital.com\/?page_id=381"},"modified":"2025-10-10T08:23:20","modified_gmt":"2025-10-10T06:23:20","slug":"politica-de-privacidad","status":"publish","type":"page","link":"https:\/\/www.ilangacapital.com\/es\/politica-de-privacidad\/","title":{"rendered":"Politica de Privacidad"},"content":{"rendered":"<h1><b>Pol\u00edtica de Privacidad<\/b><\/h1>\n<p><span style=\"font-weight: 400;\">En cumplimiento del Reglamento (UE) 2016\/679, de 27 de abril de 2016, relativo a la protecci\u00f3n de las personas f\u00edsicas en lo que respecta al tratamiento de datos personales y a la libre circulaci\u00f3n de estos datos (en adelante, \u201cRGPD\u201d) y de la Ley Org\u00e1nica 3\/2018, de 5 de diciembre, de Protecci\u00f3n de Datos Personales y garant\u00eda de los derechos digitales, as\u00ed como del resto de la normativa legal aplicable, se le facilita la siguiente informaci\u00f3n sobre el tratamientos de sus datos personales en nuestro Sitio Web.<\/span><\/p>\n<p><span style=\"font-weight: 400;\">La presente Pol\u00edtica de Privacidad regula en particular el tratamiento de datos de car\u00e1cter personal que el usuario comunica cuando utiliza el formulario de contacto puesto a su disposici\u00f3n en el Sitio Web.<\/span><\/p>\n<p><span style=\"font-weight: 400;\">La presente Pol\u00edtica de Privacidad es accesible al usuario a trav\u00e9s del enlace habilitado en el Sitio Web, denominado \u00abPol\u00edtica de privacidad\u00bb, y puede actualizarse en cualquier momento debido a cambios normativos, instrucciones dictadas por la Agencia Espa\u00f1ola de Protecci\u00f3n de Datos o cambios en el Sitio Web, respetando en todo caso los derechos de los interesados. Por esta raz\u00f3n, aconsejamos a los usuarios que visiten peri\u00f3dicamente nuestra pol\u00edtica de privacidad.<\/span><\/p>\n<p><span style=\"font-weight: 400;\">[EL_SITE] entiende que los usuarios del Sitio Web son mayores de edad, con plena capacidad para actuar en el tr\u00e1fico jur\u00eddico.<\/span><\/p>\n<p><b>Responsable del tratamiento de datos<\/b><\/p>\n<p><span style=\"font-weight: 400;\">[EL_SITE], sociedad domiciliada en langa Sarl &#8211; 17, Boulevard F.W. Raiffeisen, L-2411 Luxemburgo, con CIF B224786, es la responsable del tratamiento de sus datos personales. En la presente Pol\u00edtica de Privacidad se facilita informaci\u00f3n sobre el uso que realiza [EL_SITE] de sus datos personales en su condici\u00f3n de Usuario de este Sitio Web.<\/span><\/p>\n<p><span style=\"font-weight: 400;\">Adicionalmente, esta Pol\u00edtica de Privacidad tiene por objeto facilitarle informaci\u00f3n sobre los derechos que le asisten en virtud del RGPD. Si tiene cualquier duda relativa al tratamiento de sus datos personales, contacte con nosotros a trav\u00e9s de la siguiente direcci\u00f3n de correo electr\u00f3nico:\u00a0 Maria Andres Riber \u2013 ma@ilangacapital.com.<\/span><\/p>\n<p><span style=\"font-weight: 400;\">Le informamos que [EL_SITE] cuenta con un Delegado de Protecci\u00f3n de Datos, con quien podr\u00e1 ponerse en contacto para cualquier cuesti\u00f3n relacionada con el tratamiento de sus datos personales a trav\u00e9s de la siguiente direcci\u00f3n dpd@aepd.es<\/span><\/p>\n<p><b>Responsabilidad del Usuario<\/b><\/p>\n<p><span style=\"font-weight: 400;\">El usuario garantiza que los datos aportados son verdaderos, exactos, completos y se encuentran actualizados, comprometi\u00e9ndose a informar de cualquier cambio respecto de tales datos por los canales habilitados al efecto al responsable del tratamiento de los datos. El Usuario ser\u00e1 responsable de cualquier da\u00f1o o perjuicio, tanto directo como indirecto, que pudiera ocasionar como consecuencia del incumplimiento de la presente obligaci\u00f3n.<\/span><\/p>\n<p><span style=\"font-weight: 400;\">En el supuesto de que el usuario facilite datos de terceros, declara que cuenta con el consentimiento de los interesados y se compromete a trasladarle la informaci\u00f3n contenida en esta pol\u00edtica de privacidad, eximiendo a [EL_SITE] de cualquier responsabilidad derivada por la falta de cumplimiento de la presente obligaci\u00f3n.<\/span><\/p>\n<p><b>Informaci\u00f3n general sobre los tratamientos que realizamos<\/b><\/p>\n<p><span style=\"font-weight: 400;\">[EL_SITE] tratar\u00e1 los datos personales que nos proporcione a trav\u00e9s de los formularios del Sitio Web con la finalidad de gestionar sus consultas o peticiones de informaci\u00f3n.<\/span><\/p>\n<p><span style=\"font-weight: 400;\">La base de legitimaci\u00f3n del tratamiento de los datos que nos facilita para realizarnos estas consultas o peticiones de informaci\u00f3n reside en su consentimiento prestado al hacer clic sobre el bot\u00f3n \u201dEnviar\u201d.<\/span><\/p>\n<p><span style=\"font-weight: 400;\">La Entidad conservar\u00e1 sus datos personales hasta que sea atendida su consulta o solicitud de informaci\u00f3n y una vez concluido el proceso correspondiente se mantendr\u00e1n bloqueados para atender las responsabilidades derivadas del tratamiento, por el plazo de prescripci\u00f3n de las acciones.<\/span><\/p>\n<p><span style=\"font-weight: 400;\">Los datos personales ser\u00e1n tratados de manera que se garantice la seguridad adecuada de los datos personales, incluida la protecci\u00f3n contra el tratamiento no autorizado o il\u00edcito y contra su p\u00e9rdida, destrucci\u00f3n o da\u00f1o accidental, mediante la aplicaci\u00f3n de medidas t\u00e9cnicas u organizativas apropiadas.<\/span><\/p>\n<p><b>Comunicaci\u00f3n<\/b><\/p>\n<p><span style=\"font-weight: 400;\">Los datos personales no ser\u00e1n comunicados a terceros salvo a Organismos P\u00fablicos, Juzgados y Tribunales, Fuerzas y Cuerpos de Seguridad del Estado, y dem\u00e1s autoridades que resulten competentes, cuando [EL_SITE] tenga la obligaci\u00f3n legal de facilitar los datos personales y no se contempla que puedan ser transferidos fuera del Espacio Econ\u00f3mico Europeo.<\/span><\/p>\n<p><b>Sus derechos en relaci\u00f3n con nuestros tratamientos de sus datos personales<\/b><\/p>\n<p><span style=\"font-weight: 400;\">La normativa aplicable en materia de protecci\u00f3n de datos permite que pueda ejercer sus derechos de acceso, rectificaci\u00f3n, supresi\u00f3n y portabilidad de datos y oposici\u00f3n y limitaci\u00f3n a su tratamiento, as\u00ed como a no ser objeto de decisiones basadas \u00fanicamente en el tratamiento automatizado de sus datos, cuando proceda. Cuando el tratamiento se base en el consentimiento, tambi\u00e9n tiene derecho a retirarlo cuando lo desee.<\/span><\/p>\n<p><span style=\"font-weight: 400;\">Estos derechos se caracterizan por lo siguiente:<\/span><\/p>\n<p><span style=\"font-weight: 400;\">Su ejercicio es gratuito, salvo que se trate de solicitudes manifiestamente infundadas o excesivas (p. ej., car\u00e1cter repetitivo), en cuyo caso [EL_SITE] podr\u00e1 cobrar un canon proporcional a los costes administrativos soportados o negarse a actuar.<\/span><\/p>\n<p><span style=\"font-weight: 400;\"><br \/>\n<\/span><span style=\"font-weight: 400;\">Puede ejercer los derechos directamente o por medio de tu representante legal o voluntario.<\/span><span style=\"font-weight: 400;\"><br \/>\n<\/span><span style=\"font-weight: 400;\">Debemos responder a su solicitud en el plazo de un mes, aunque, si se tiene en cuenta la complejidad y n\u00famero de solicitudes, se puede prorrogar el plazo en otros dos meses m\u00e1s.<\/span><span style=\"font-weight: 400;\"><br \/>\n<\/span><span style=\"font-weight: 400;\">Tenemos la obligaci\u00f3n de informarle sobre los medios para ejercitar estos derechos, los cuales deben ser accesibles y sin poder denegarle el ejercicio del derecho por el solo motivo de optar por otro medio. Si la solicitud se presenta por medios electr\u00f3nicos, la informaci\u00f3n se facilitar\u00e1 por estos medios cuando sea posible, salvo que nos solicite que sea de otro modo.<\/span><span style=\"font-weight: 400;\">Si [EL_SITE] no da curso a la solicitud, le informar\u00e1, a m\u00e1s tardar en un mes, de las razones de su no actuaci\u00f3n y la posibilidad de reclamar ante una Autoridad de Control.<\/span><\/p>\n<p><b>Forma de ejercicio<\/b><\/p>\n<p><span style=\"font-weight: 400;\">Usted podr\u00e1 ejercitar sus derechos aplicables en cada caso, en cualquier momento y de forma gratuita, as\u00ed como solicitar que se limite el tratamiento de sus datos personales, oponerse al mismo, solicitar su portabilidad -siempre que sea t\u00e9cnicamente posible- o retirar el consentimiento prestado, notific\u00e1ndoselo a [EL_SITE] a trav\u00e9s de alguno de los siguientes medios:<\/span><\/p>\n<p><span style=\"font-weight: 400;\">-Enviando escrito de solicitud firmado y escaneado a la siguiente direcci\u00f3n de correo electr\u00f3nico: [EMAIL]<\/span><span style=\"font-weight: 400;\"><br \/>\n<\/span><span style=\"font-weight: 400;\">-Tambi\u00e9n puede enviarnos su solicitud por correo postal, haciendo referencia visible a \u00abLOPD\u00bb en el sobre, dirigido a [EL_SITE], <\/span><span style=\"font-weight: 400;\">\u00a0langa Sarl &#8211; 17, Boulevard F.W. Raiffeisen, L-2411 Luxemburgo<\/span><span style=\"font-weight: 400;\">.<\/span><\/p>\n<p>&nbsp;<\/p>\n<p><span style=\"font-weight: 400;\">En ambos casos podr\u00e1 serle requerida la presentaci\u00f3n de la copia de su DNI o documento acreditativo equivalente por razones de seguridad, cuando pueda entenderse que no queda suficientemente acreditada la identidad de la persona solicitante.<\/span><\/p>\n<p><span style=\"font-weight: 400;\">En caso de que sienta vulnerados sus derechos en lo concerniente a la protecci\u00f3n de sus datos personales, especialmente cuando no haya obtenido satisfacci\u00f3n en el ejercicio de los mismos, puede presentar una reclamaci\u00f3n ante la autoridad nacional de control, , dirigi\u00e9ndose a estos efectos a la Agencia Espa\u00f1ola de Protecci\u00f3n de Datos, C\/ Jorge Juan, 6 \u2013 28001 Madrid, a trav\u00e9s de su sitio web: www.agpd.es.<\/span><\/p>\n<p><b>Cookies<\/b><\/p>\n<p><span style=\"font-weight: 400;\">[EL_SITE] \u00fanicamente utilizar\u00e1 dispositivos de almacenamiento y recuperaci\u00f3n de datos (cookies) cuando el Usuario haya prestado su consentimiento previo de acuerdo con lo que se indica en el banner que aparece en la p\u00e1gina de inicio del Sitio Web y en los t\u00e9rminos y condiciones que se recogen en la Pol\u00edtica de Cookies.<\/span><\/p>\n","protected":false},"excerpt":{"rendered":"<p>Pol\u00edtica de Privacidad En cumplimiento del Reglamento (UE) 2016\/679, de 27 de abril de 2016, relativo a la protecci\u00f3n de las personas f\u00edsicas en lo que respecta al tratamiento de datos personales y a la libre circulaci\u00f3n de estos datos (en adelante, \u201cRGPD\u201d) y de la Ley Org\u00e1nica 3\/2018, de 5 de diciembre, de Protecci\u00f3n [&hellip;]<\/p>\n","protected":false},"author":2,"featured_media":0,"parent":0,"menu_order":0,"comment_status":"closed","ping_status":"closed","template":"template-legal.php","meta":{"_acf_changed":false,"_et_pb_use_builder":"off","_et_pb_old_content":"","_et_gb_content_width":"","footnotes":""},"class_list":["post-381","page","type-page","status-publish","hentry"],"acf":[],"yoast_head":"<!-- This site is optimized with the Yoast SEO plugin v27.0 - https:\/\/yoast.com\/product\/yoast-seo-wordpress\/ -->\n<title>Politica de Privacidad - iLanga<\/title>\n<meta name=\"robots\" content=\"index, follow, max-snippet:-1, max-image-preview:large, max-video-preview:-1\" \/>\n<link rel=\"canonical\" href=\"https:\/\/www.ilangacapital.com\/es\/politica-de-privacidad\/\" \/>\n<meta property=\"og:locale\" content=\"es_ES\" \/>\n<meta property=\"og:type\" content=\"article\" \/>\n<meta property=\"og:title\" content=\"Politica de Privacidad - iLanga\" \/>\n<meta property=\"og:description\" content=\"Pol\u00edtica de Privacidad En cumplimiento del Reglamento (UE) 2016\/679, de 27 de abril de 2016, relativo a la protecci\u00f3n de las personas f\u00edsicas en lo que respecta al tratamiento de datos personales y a la libre circulaci\u00f3n de estos datos (en adelante, \u201cRGPD\u201d) y de la Ley Org\u00e1nica 3\/2018, de 5 de diciembre, de Protecci\u00f3n [&hellip;]\" \/>\n<meta property=\"og:url\" content=\"https:\/\/www.ilangacapital.com\/es\/politica-de-privacidad\/\" \/>\n<meta property=\"og:site_name\" content=\"iLanga\" \/>\n<meta property=\"article:modified_time\" content=\"2025-10-10T06:23:20+00:00\" \/>\n<meta name=\"twitter:card\" content=\"summary_large_image\" \/>\n<meta name=\"twitter:label1\" content=\"Est. reading time\" \/>\n\t<meta name=\"twitter:data1\" content=\"6 minutes\" \/>\n<script type=\"application\/ld+json\" class=\"yoast-schema-graph\">{\"@context\":\"https:\/\/schema.org\",\"@graph\":[{\"@type\":\"WebPage\",\"@id\":\"https:\/\/www.ilangacapital.com\/es\/politica-de-privacidad\/\",\"url\":\"https:\/\/www.ilangacapital.com\/es\/politica-de-privacidad\/\",\"name\":\"Politica de Privacidad - iLanga\",\"isPartOf\":{\"@id\":\"https:\/\/www.ilangacapital.com\/es\/#website\"},\"datePublished\":\"2025-10-02T10:30:39+00:00\",\"dateModified\":\"2025-10-10T06:23:20+00:00\",\"breadcrumb\":{\"@id\":\"https:\/\/www.ilangacapital.com\/es\/politica-de-privacidad\/#breadcrumb\"},\"inLanguage\":\"es-ES\",\"potentialAction\":[{\"@type\":\"ReadAction\",\"target\":[\"https:\/\/www.ilangacapital.com\/es\/politica-de-privacidad\/\"]}]},{\"@type\":\"BreadcrumbList\",\"@id\":\"https:\/\/www.ilangacapital.com\/es\/politica-de-privacidad\/#breadcrumb\",\"itemListElement\":[{\"@type\":\"ListItem\",\"position\":1,\"name\":\"Home\",\"item\":\"https:\/\/www.ilangacapital.com\/es\/\"},{\"@type\":\"ListItem\",\"position\":2,\"name\":\"Politica de Privacidad\"}]},{\"@type\":\"WebSite\",\"@id\":\"https:\/\/www.ilangacapital.com\/es\/#website\",\"url\":\"https:\/\/www.ilangacapital.com\/es\/\",\"name\":\"iLanga\",\"description\":\"\",\"publisher\":{\"@id\":\"https:\/\/www.ilangacapital.com\/es\/#organization\"},\"potentialAction\":[{\"@type\":\"SearchAction\",\"target\":{\"@type\":\"EntryPoint\",\"urlTemplate\":\"https:\/\/www.ilangacapital.com\/es\/?s={search_term_string}\"},\"query-input\":{\"@type\":\"PropertyValueSpecification\",\"valueRequired\":true,\"valueName\":\"search_term_string\"}}],\"inLanguage\":\"es-ES\"},{\"@type\":\"Organization\",\"@id\":\"https:\/\/www.ilangacapital.com\/es\/#organization\",\"name\":\"iLanga\",\"url\":\"https:\/\/www.ilangacapital.com\/es\/\",\"logo\":{\"@type\":\"ImageObject\",\"inLanguage\":\"es-ES\",\"@id\":\"https:\/\/www.ilangacapital.com\/es\/#\/schema\/logo\/image\/\",\"url\":\"https:\/\/www.ilangacapital.com\/wp-content\/uploads\/2025\/09\/cropped-Group-2.png\",\"contentUrl\":\"https:\/\/www.ilangacapital.com\/wp-content\/uploads\/2025\/09\/cropped-Group-2.png\",\"width\":512,\"height\":512,\"caption\":\"iLanga\"},\"image\":{\"@id\":\"https:\/\/www.ilangacapital.com\/es\/#\/schema\/logo\/image\/\"}}]}<\/script>\n<!-- \/ Yoast SEO plugin. -->","yoast_head_json":{"title":"Politica de Privacidad - iLanga","robots":{"index":"index","follow":"follow","max-snippet":"max-snippet:-1","max-image-preview":"max-image-preview:large","max-video-preview":"max-video-preview:-1"},"canonical":"https:\/\/www.ilangacapital.com\/es\/politica-de-privacidad\/","og_locale":"es_ES","og_type":"article","og_title":"Politica de Privacidad - iLanga","og_description":"Pol\u00edtica de Privacidad En cumplimiento del Reglamento (UE) 2016\/679, de 27 de abril de 2016, relativo a la protecci\u00f3n de las personas f\u00edsicas en lo que respecta al tratamiento de datos personales y a la libre circulaci\u00f3n de estos datos (en adelante, \u201cRGPD\u201d) y de la Ley Org\u00e1nica 3\/2018, de 5 de diciembre, de Protecci\u00f3n [&hellip;]","og_url":"https:\/\/www.ilangacapital.com\/es\/politica-de-privacidad\/","og_site_name":"iLanga","article_modified_time":"2025-10-10T06:23:20+00:00","twitter_card":"summary_large_image","twitter_misc":{"Est. reading time":"6 minutes"},"schema":{"@context":"https:\/\/schema.org","@graph":[{"@type":"WebPage","@id":"https:\/\/www.ilangacapital.com\/es\/politica-de-privacidad\/","url":"https:\/\/www.ilangacapital.com\/es\/politica-de-privacidad\/","name":"Politica de Privacidad - iLanga","isPartOf":{"@id":"https:\/\/www.ilangacapital.com\/es\/#website"},"datePublished":"2025-10-02T10:30:39+00:00","dateModified":"2025-10-10T06:23:20+00:00","breadcrumb":{"@id":"https:\/\/www.ilangacapital.com\/es\/politica-de-privacidad\/#breadcrumb"},"inLanguage":"es-ES","potentialAction":[{"@type":"ReadAction","target":["https:\/\/www.ilangacapital.com\/es\/politica-de-privacidad\/"]}]},{"@type":"BreadcrumbList","@id":"https:\/\/www.ilangacapital.com\/es\/politica-de-privacidad\/#breadcrumb","itemListElement":[{"@type":"ListItem","position":1,"name":"Home","item":"https:\/\/www.ilangacapital.com\/es\/"},{"@type":"ListItem","position":2,"name":"Politica de Privacidad"}]},{"@type":"WebSite","@id":"https:\/\/www.ilangacapital.com\/es\/#website","url":"https:\/\/www.ilangacapital.com\/es\/","name":"iLanga","description":"","publisher":{"@id":"https:\/\/www.ilangacapital.com\/es\/#organization"},"potentialAction":[{"@type":"SearchAction","target":{"@type":"EntryPoint","urlTemplate":"https:\/\/www.ilangacapital.com\/es\/?s={search_term_string}"},"query-input":{"@type":"PropertyValueSpecification","valueRequired":true,"valueName":"search_term_string"}}],"inLanguage":"es-ES"},{"@type":"Organization","@id":"https:\/\/www.ilangacapital.com\/es\/#organization","name":"iLanga","url":"https:\/\/www.ilangacapital.com\/es\/","logo":{"@type":"ImageObject","inLanguage":"es-ES","@id":"https:\/\/www.ilangacapital.com\/es\/#\/schema\/logo\/image\/","url":"https:\/\/www.ilangacapital.com\/wp-content\/uploads\/2025\/09\/cropped-Group-2.png","contentUrl":"https:\/\/www.ilangacapital.com\/wp-content\/uploads\/2025\/09\/cropped-Group-2.png","width":512,"height":512,"caption":"iLanga"},"image":{"@id":"https:\/\/www.ilangacapital.com\/es\/#\/schema\/logo\/image\/"}}]}},"_links":{"self":[{"href":"https:\/\/www.ilangacapital.com\/es\/wp-json\/wp\/v2\/pages\/381","targetHints":{"allow":["GET"]}}],"collection":[{"href":"https:\/\/www.ilangacapital.com\/es\/wp-json\/wp\/v2\/pages"}],"about":[{"href":"https:\/\/www.ilangacapital.com\/es\/wp-json\/wp\/v2\/types\/page"}],"author":[{"embeddable":true,"href":"https:\/\/www.ilangacapital.com\/es\/wp-json\/wp\/v2\/users\/2"}],"replies":[{"embeddable":true,"href":"https:\/\/www.ilangacapital.com\/es\/wp-json\/wp\/v2\/comments?post=381"}],"version-history":[{"count":8,"href":"https:\/\/www.ilangacapital.com\/es\/wp-json\/wp\/v2\/pages\/381\/revisions"}],"predecessor-version":[{"id":551,"href":"https:\/\/www.ilangacapital.com\/es\/wp-json\/wp\/v2\/pages\/381\/revisions\/551"}],"wp:attachment":[{"href":"https:\/\/www.ilangacapital.com\/es\/wp-json\/wp\/v2\/media?parent=381"}],"curies":[{"name":"wp","href":"https:\/\/api.w.org\/{rel}","templated":true}]}}